{"id":160,"date":"2021-01-18T20:13:04","date_gmt":"2021-01-18T19:13:04","guid":{"rendered":"https:\/\/www.christiancane.com\/blog\/?page_id=160"},"modified":"2021-01-18T20:15:17","modified_gmt":"2021-01-18T19:15:17","slug":"et-si-on-parlait-de-poches","status":"publish","type":"page","link":"https:\/\/www.christiancane.com\/blog\/et-si-on-parlait-de-poches\/","title":{"rendered":"ET SI ON PARLAIT DE POCHES"},"content":{"rendered":"\t\t<div data-elementor-type=\"wp-page\" data-elementor-id=\"160\" class=\"elementor elementor-160\">\n\t\t\t\t\t\t\t\t\t<section class=\"elementor-section elementor-top-section elementor-element elementor-element-54d121e elementor-section-boxed elementor-section-height-default elementor-section-height-default\" data-id=\"54d121e\" data-element_type=\"section\">\n\t\t\t\t\t\t<div class=\"elementor-container elementor-column-gap-default\">\n\t\t\t\t\t<div class=\"elementor-column elementor-col-100 elementor-top-column elementor-element elementor-element-5342d7e\" data-id=\"5342d7e\" data-element_type=\"column\">\n\t\t\t<div class=\"elementor-widget-wrap elementor-element-populated\">\n\t\t\t\t\t\t\t\t<div class=\"elementor-element elementor-element-3e54127 elementor-widget elementor-widget-heading\" data-id=\"3e54127\" data-element_type=\"widget\" data-widget_type=\"heading.default\">\n\t\t\t\t<div class=\"elementor-widget-container\">\n\t\t\t<h2 class=\"elementor-heading-title elementor-size-default\">ET SI ON PARLAIT DE POCHES<\/h2>\t\t<\/div>\n\t\t\t\t<\/div>\n\t\t\t\t\t<\/div>\n\t\t<\/div>\n\t\t\t\t\t\t\t<\/div>\n\t\t<\/section>\n\t\t\t\t<section class=\"elementor-section elementor-top-section elementor-element elementor-element-7baf322 elementor-section-boxed elementor-section-height-default elementor-section-height-default\" data-id=\"7baf322\" data-element_type=\"section\">\n\t\t\t\t\t\t<div class=\"elementor-container elementor-column-gap-default\">\n\t\t\t\t\t<div class=\"elementor-column elementor-col-100 elementor-top-column elementor-element elementor-element-c55fed0\" data-id=\"c55fed0\" data-element_type=\"column\">\n\t\t\t<div class=\"elementor-widget-wrap elementor-element-populated\">\n\t\t\t\t\t\t\t\t<div class=\"elementor-element elementor-element-bc7b0a0 elementor-widget elementor-widget-text-editor\" data-id=\"bc7b0a0\" data-element_type=\"widget\" data-widget_type=\"text-editor.default\">\n\t\t\t\t<div class=\"elementor-widget-container\">\n\t\t\t\t\t\t\t<p>Enfin pas de poches sous les yeux un lendemain de f\u00eate, pas de poches de r\u00e9sistance si on se sent assi\u00e9g\u00e9 ni de poches de gaz contenues dans une cavit\u00e9 souterraine mais des poches que pr\u00e9f\u00e8rent les hommes&#8230; Et les femmes.<\/p>\t\t\t\t\t\t<\/div>\n\t\t\t\t<\/div>\n\t\t\t\t<div class=\"elementor-element elementor-element-ce2b316 elementor-widget elementor-widget-image\" data-id=\"ce2b316\" data-element_type=\"widget\" data-widget_type=\"image.default\">\n\t\t\t\t<div class=\"elementor-widget-container\">\n\t\t\t\t\t\t\t\t\t\t\t\t\t\t\t<img loading=\"lazy\" decoding=\"async\" width=\"500\" height=\"750\" src=\"https:\/\/www.christiancane.com\/blog\/wp-content\/uploads\/2021\/01\/pyjama-poche.jpg\" class=\"attachment-large size-large wp-image-162\" alt=\"pyjama-poche\" srcset=\"https:\/\/www.christiancane.com\/blog\/wp-content\/uploads\/2021\/01\/pyjama-poche.jpg 500w, https:\/\/www.christiancane.com\/blog\/wp-content\/uploads\/2021\/01\/pyjama-poche-200x300.jpg 200w\" sizes=\"(max-width: 500px) 100vw, 500px\" \/>\t\t\t\t\t\t\t\t\t\t\t\t\t\t\t<\/div>\n\t\t\t\t<\/div>\n\t\t\t\t<div class=\"elementor-element elementor-element-f9ed18a elementor-widget elementor-widget-text-editor\" data-id=\"f9ed18a\" data-element_type=\"widget\" data-widget_type=\"text-editor.default\">\n\t\t\t\t<div class=\"elementor-widget-container\">\n\t\t\t\t\t\t\t<p>En d\u00e9finitif on ne peut pas vivre avec un v\u00eatement d\u00e9muni de poches car elles nous sont indispensables. Elles remplissent une fonction primaire qui est celle d\u2019ordonner les choses en rangeant sur soi toutes sortes d\u2019objets comme les documents d\u2019identit\u00e9, moyens de paiement, de communication, avec l\u2019id\u00e9e de ne pas les perdre.<\/p>\n<p>Ou mettre carte d\u2019identit\u00e9, monnaie, carte bancaire, t\u00e9l\u00e9phone, mouchoir, sinon dans nos poches. Certaines pi\u00e8ces de nos gardes robes en poss\u00e8dent plus de six. Le fameux cinq poches en jean en est l\u2019ic\u00f4ne parfaite et le gilet multi-poches, le must.<\/p>\n<p>Au-del\u00e0 de son r\u00f4le pratique elles permettent aussi de se donner une contenance, de s\u2019offrir une attitude lorsque que l\u2019on met ses mains dans les poches de son pantalon ou de son sweat.<\/p>\n<p>Chacune d\u2019elles a sa fonction comme la poche poitrine pour mettre ses lunettes ou le smartphone, comme la poche int\u00e9rieure de la veste pour les documents, comme les poches cavali\u00e8res du pantalon pour la monnaie ou le mouchoir.<\/p>\n<p>Contrairement aux hommes qui en font un \u00e9l\u00e9ment de pouvoir, depuis la nuit des temps la gente f\u00e9minine est priv\u00e9e de cet \u00e9l\u00e9ment pour rester jolie sans d\u00e9former sa silhouette. Les femmes ont, dans leur infinie sagesse, contourn\u00e9e ce handicap en inventant le sac que ne risquent pas de r\u00e9cup\u00e9rer les hommes, trop virils pour cela.&nbsp;!!<\/p>\n<p><a name=\"_GoBack\"><\/a> Cette longue dissertation sur l\u2019utilit\u00e9 des poches m\u2019am\u00e8ne \u00e0 la conclusion de son absolue n\u00e9cessit\u00e9 sur des v\u00eatements de la vie de tous les jours&nbsp;que sont le pyjama, la veste d\u2019int\u00e9rieur ou la robe de chambre.<\/p>\n<p>Il y a des r\u00e8gles qui ne peuvent pas \u00eatre transgress\u00e9es. Le pyjama classique doit avoir trois poches sur la veste. Le pyjama fa\u00e7on tunique ou t-shirt doit avoir une poche sur la poitrine et \u00e9ventuellement deux poches coutures dans le pantalon ou le short. La tenue d\u2019int\u00e9rieure fa\u00e7on jogging peut avoir deux poches au bas de la veste ainsi que des poches plaqu\u00e9es sur le pantalon. Plus on monte en gamme, plus les poches doivent \u00eatre grandes et raccord\u00e9es pour aligner le dessin d\u2019une rayure par exemple et se faire ainsi oubli\u00e9es.<\/p>\n<p>Les mod\u00e8les f\u00e9minins, souvent pr\u00e8s du corps, peuvent en \u00eatre couramment d\u00e9munis mais les fabricants ont trouv\u00e9 la parade en proposant des ensembles qui se coordonnent avec une robe de chambre ou une veste dot\u00e9es, elles, de plusieurs poches.<\/p>\n<p>Qu\u2019elles soient plaqu\u00e9es, passepoil\u00e9es, brod\u00e9es, surpiqu\u00e9es, elles sont le d\u00e9tail qui fera la diff\u00e9rence et vous rendra la vie plus belle.<\/p>\n<p><b>N\u2019oubliez jamais de v\u00e9rifier que votre achat comporte cette ou mieux encore ces poches qui vous rendront la vie plus facile.<\/b><\/p>\n<p><\/p>\n<p><em>The Pajamas lover<\/em><\/p>\t\t\t\t\t\t<\/div>\n\t\t\t\t<\/div>\n\t\t\t\t\t<\/div>\n\t\t<\/div>\n\t\t\t\t\t\t\t<\/div>\n\t\t<\/section>\n\t\t\t\t\t\t\t<\/div>\n\t\t","protected":false},"excerpt":{"rendered":"<p>ET SI ON PARLAIT DE POCHES Enfin pas de poches sous les yeux un lendemain de f\u00eate, pas de poches de r\u00e9sistance si on se sent assi\u00e9g\u00e9 ni de poches de gaz contenues dans une cavit\u00e9 souterraine mais des poches que pr\u00e9f\u00e8rent les hommes&#8230; Et les femmes. En d\u00e9finitif on ne peut pas vivre avec &hellip;<\/p>\n<p class=\"read-more\"> <a class=\"\" href=\"https:\/\/www.christiancane.com\/blog\/et-si-on-parlait-de-poches\/\"> <span class=\"screen-reader-text\">ET SI ON PARLAIT DE POCHES<\/span> Lire la suite\u00a0\u00bb<\/a><\/p>\n","protected":false},"author":2,"featured_media":0,"parent":0,"menu_order":0,"comment_status":"closed","ping_status":"closed","template":"","meta":{"site-sidebar-layout":"no-sidebar","site-content-layout":"page-builder","ast-site-content-layout":"","site-content-style":"default","site-sidebar-style":"default","ast-global-header-display":"","ast-banner-title-visibility":"","ast-main-header-display":"","ast-hfb-above-header-display":"","ast-hfb-below-header-display":"","ast-hfb-mobile-header-display":"","site-post-title":"disabled","ast-breadcrumbs-content":"","ast-featured-img":"disabled","footer-sml-layout":"","theme-transparent-header-meta":"default","adv-header-id-meta":"","stick-header-meta":"","header-above-stick-meta":"","header-main-stick-meta":"","header-below-stick-meta":"","astra-migrate-meta-layouts":"","footnotes":""},"yoast_head":"<!-- This site is optimized with the Yoast SEO plugin v17.7 - https:\/\/yoast.com\/wordpress\/plugins\/seo\/ -->\n<title>Et si on parlait de poches ... Le blog Christian Cane<\/title>\n<meta name=\"description\" content=\"Enfin pas de poches sous les yeux un lendemain de f\u00eate, pas de poches de r\u00e9sistance si on se sent assi\u00e9g\u00e9 ni de poches de gaz contenues dans une cavit\u00e9 souterraine mais des poches que pr\u00e9f\u00e8rent les hommes... Et les femmes.\" \/>\n<meta name=\"robots\" content=\"index, follow, max-snippet:-1, max-image-preview:large, max-video-preview:-1\" \/>\n<link rel=\"canonical\" href=\"https:\/\/www.christiancane.com\/blog\/et-si-on-parlait-de-poches\/\" \/>\n<meta property=\"og:locale\" content=\"fr_FR\" \/>\n<meta property=\"og:type\" content=\"article\" \/>\n<meta property=\"og:title\" content=\"Et si on parlait de poches ... Le blog Christian Cane\" \/>\n<meta property=\"og:description\" content=\"Enfin pas de poches sous les yeux un lendemain de f\u00eate, pas de poches de r\u00e9sistance si on se sent assi\u00e9g\u00e9 ni de poches de gaz contenues dans une cavit\u00e9 souterraine mais des poches que pr\u00e9f\u00e8rent les hommes... Et les femmes.\" \/>\n<meta property=\"og:url\" content=\"https:\/\/www.christiancane.com\/blog\/et-si-on-parlait-de-poches\/\" \/>\n<meta property=\"article:modified_time\" content=\"2021-01-18T19:15:17+00:00\" \/>\n<meta property=\"og:image\" content=\"https:\/\/www.christiancane.com\/blog\/wp-content\/uploads\/2021\/01\/pyjama-poche.jpg\" \/>\n<meta name=\"twitter:card\" content=\"summary_large_image\" \/>\n<meta name=\"twitter:label1\" content=\"Dur\u00e9e de lecture estim\u00e9e\" \/>\n\t<meta name=\"twitter:data1\" content=\"3 minutes\" \/>\n<script type=\"application\/ld+json\" class=\"yoast-schema-graph\">{\"@context\":\"https:\/\/schema.org\",\"@graph\":[{\"@type\":\"WebSite\",\"@id\":\"https:\/\/www.christiancane.com\/blog\/#website\",\"url\":\"https:\/\/www.christiancane.com\/blog\/\",\"name\":\"\",\"description\":\"\",\"potentialAction\":[{\"@type\":\"SearchAction\",\"target\":{\"@type\":\"EntryPoint\",\"urlTemplate\":\"https:\/\/www.christiancane.com\/blog\/?s={search_term_string}\"},\"query-input\":\"required name=search_term_string\"}],\"inLanguage\":\"fr-FR\"},{\"@type\":\"ImageObject\",\"@id\":\"https:\/\/www.christiancane.com\/blog\/et-si-on-parlait-de-poches\/#primaryimage\",\"inLanguage\":\"fr-FR\",\"url\":\"https:\/\/www.christiancane.com\/blog\/wp-content\/uploads\/2021\/01\/pyjama-poche.jpg\",\"contentUrl\":\"https:\/\/www.christiancane.com\/blog\/wp-content\/uploads\/2021\/01\/pyjama-poche.jpg\",\"width\":500,\"height\":750,\"caption\":\"pyjama-poche\"},{\"@type\":\"WebPage\",\"@id\":\"https:\/\/www.christiancane.com\/blog\/et-si-on-parlait-de-poches\/#webpage\",\"url\":\"https:\/\/www.christiancane.com\/blog\/et-si-on-parlait-de-poches\/\",\"name\":\"Et si on parlait de poches ... Le blog Christian Cane\",\"isPartOf\":{\"@id\":\"https:\/\/www.christiancane.com\/blog\/#website\"},\"primaryImageOfPage\":{\"@id\":\"https:\/\/www.christiancane.com\/blog\/et-si-on-parlait-de-poches\/#primaryimage\"},\"datePublished\":\"2021-01-18T19:13:04+00:00\",\"dateModified\":\"2021-01-18T19:15:17+00:00\",\"description\":\"Enfin pas de poches sous les yeux un lendemain de f\\u00eate, pas de poches de r\\u00e9sistance si on se sent assi\\u00e9g\\u00e9 ni de poches de gaz contenues dans une cavit\\u00e9 souterraine mais des poches que pr\\u00e9f\\u00e8rent les hommes... Et les femmes.\",\"breadcrumb\":{\"@id\":\"https:\/\/www.christiancane.com\/blog\/et-si-on-parlait-de-poches\/#breadcrumb\"},\"inLanguage\":\"fr-FR\",\"potentialAction\":[{\"@type\":\"ReadAction\",\"target\":[\"https:\/\/www.christiancane.com\/blog\/et-si-on-parlait-de-poches\/\"]}]},{\"@type\":\"BreadcrumbList\",\"@id\":\"https:\/\/www.christiancane.com\/blog\/et-si-on-parlait-de-poches\/#breadcrumb\",\"itemListElement\":[{\"@type\":\"ListItem\",\"position\":1,\"name\":\"Accueil\",\"item\":\"https:\/\/www.christiancane.com\/blog\/\"},{\"@type\":\"ListItem\",\"position\":2,\"name\":\"ET SI ON PARLAIT DE POCHES\"}]}]}<\/script>\n<!-- \/ Yoast SEO plugin. -->","yoast_head_json":{"title":"Et si on parlait de poches ... Le blog Christian Cane","description":"Enfin pas de poches sous les yeux un lendemain de f\u00eate, pas de poches de r\u00e9sistance si on se sent assi\u00e9g\u00e9 ni de poches de gaz contenues dans une cavit\u00e9 souterraine mais des poches que pr\u00e9f\u00e8rent les hommes... Et les femmes.","robots":{"index":"index","follow":"follow","max-snippet":"max-snippet:-1","max-image-preview":"max-image-preview:large","max-video-preview":"max-video-preview:-1"},"canonical":"https:\/\/www.christiancane.com\/blog\/et-si-on-parlait-de-poches\/","og_locale":"fr_FR","og_type":"article","og_title":"Et si on parlait de poches ... Le blog Christian Cane","og_description":"Enfin pas de poches sous les yeux un lendemain de f\u00eate, pas de poches de r\u00e9sistance si on se sent assi\u00e9g\u00e9 ni de poches de gaz contenues dans une cavit\u00e9 souterraine mais des poches que pr\u00e9f\u00e8rent les hommes... Et les femmes.","og_url":"https:\/\/www.christiancane.com\/blog\/et-si-on-parlait-de-poches\/","article_modified_time":"2021-01-18T19:15:17+00:00","og_image":[{"url":"https:\/\/www.christiancane.com\/blog\/wp-content\/uploads\/2021\/01\/pyjama-poche.jpg"}],"twitter_card":"summary_large_image","twitter_misc":{"Dur\u00e9e de lecture estim\u00e9e":"3 minutes"},"schema":{"@context":"https:\/\/schema.org","@graph":[{"@type":"WebSite","@id":"https:\/\/www.christiancane.com\/blog\/#website","url":"https:\/\/www.christiancane.com\/blog\/","name":"","description":"","potentialAction":[{"@type":"SearchAction","target":{"@type":"EntryPoint","urlTemplate":"https:\/\/www.christiancane.com\/blog\/?s={search_term_string}"},"query-input":"required name=search_term_string"}],"inLanguage":"fr-FR"},{"@type":"ImageObject","@id":"https:\/\/www.christiancane.com\/blog\/et-si-on-parlait-de-poches\/#primaryimage","inLanguage":"fr-FR","url":"https:\/\/www.christiancane.com\/blog\/wp-content\/uploads\/2021\/01\/pyjama-poche.jpg","contentUrl":"https:\/\/www.christiancane.com\/blog\/wp-content\/uploads\/2021\/01\/pyjama-poche.jpg","width":500,"height":750,"caption":"pyjama-poche"},{"@type":"WebPage","@id":"https:\/\/www.christiancane.com\/blog\/et-si-on-parlait-de-poches\/#webpage","url":"https:\/\/www.christiancane.com\/blog\/et-si-on-parlait-de-poches\/","name":"Et si on parlait de poches ... Le blog Christian Cane","isPartOf":{"@id":"https:\/\/www.christiancane.com\/blog\/#website"},"primaryImageOfPage":{"@id":"https:\/\/www.christiancane.com\/blog\/et-si-on-parlait-de-poches\/#primaryimage"},"datePublished":"2021-01-18T19:13:04+00:00","dateModified":"2021-01-18T19:15:17+00:00","description":"Enfin pas de poches sous les yeux un lendemain de f\u00eate, pas de poches de r\u00e9sistance si on se sent assi\u00e9g\u00e9 ni de poches de gaz contenues dans une cavit\u00e9 souterraine mais des poches que pr\u00e9f\u00e8rent les hommes... Et les femmes.","breadcrumb":{"@id":"https:\/\/www.christiancane.com\/blog\/et-si-on-parlait-de-poches\/#breadcrumb"},"inLanguage":"fr-FR","potentialAction":[{"@type":"ReadAction","target":["https:\/\/www.christiancane.com\/blog\/et-si-on-parlait-de-poches\/"]}]},{"@type":"BreadcrumbList","@id":"https:\/\/www.christiancane.com\/blog\/et-si-on-parlait-de-poches\/#breadcrumb","itemListElement":[{"@type":"ListItem","position":1,"name":"Accueil","item":"https:\/\/www.christiancane.com\/blog\/"},{"@type":"ListItem","position":2,"name":"ET SI ON PARLAIT DE POCHES"}]}]}},"_links":{"self":[{"href":"https:\/\/www.christiancane.com\/blog\/wp-json\/wp\/v2\/pages\/160"}],"collection":[{"href":"https:\/\/www.christiancane.com\/blog\/wp-json\/wp\/v2\/pages"}],"about":[{"href":"https:\/\/www.christiancane.com\/blog\/wp-json\/wp\/v2\/types\/page"}],"author":[{"embeddable":true,"href":"https:\/\/www.christiancane.com\/blog\/wp-json\/wp\/v2\/users\/2"}],"replies":[{"embeddable":true,"href":"https:\/\/www.christiancane.com\/blog\/wp-json\/wp\/v2\/comments?post=160"}],"version-history":[{"count":4,"href":"https:\/\/www.christiancane.com\/blog\/wp-json\/wp\/v2\/pages\/160\/revisions"}],"predecessor-version":[{"id":165,"href":"https:\/\/www.christiancane.com\/blog\/wp-json\/wp\/v2\/pages\/160\/revisions\/165"}],"wp:attachment":[{"href":"https:\/\/www.christiancane.com\/blog\/wp-json\/wp\/v2\/media?parent=160"}],"curies":[{"name":"wp","href":"https:\/\/api.w.org\/{rel}","templated":true}]}}