{"id":254,"date":"2021-05-26T21:26:37","date_gmt":"2021-05-26T19:26:37","guid":{"rendered":"https:\/\/www.christiancane.com\/blog\/?page_id=254"},"modified":"2021-05-31T14:50:04","modified_gmt":"2021-05-31T12:50:04","slug":"chapitre-2","status":"publish","type":"page","link":"https:\/\/www.christiancane.com\/blog\/chapitre-2\/","title":{"rendered":"UNE HISTOIRE DE FAMILLE &#8211; CHAPITRE 2 : LES ANNEES 40"},"content":{"rendered":"\t\t<div data-elementor-type=\"wp-page\" data-elementor-id=\"254\" class=\"elementor elementor-254\">\n\t\t\t\t\t\t\t\t\t<section class=\"elementor-section elementor-top-section elementor-element elementor-element-fbc9b1f elementor-section-boxed elementor-section-height-default elementor-section-height-default\" data-id=\"fbc9b1f\" data-element_type=\"section\">\n\t\t\t\t\t\t<div class=\"elementor-container elementor-column-gap-default\">\n\t\t\t\t\t<div class=\"elementor-column elementor-col-50 elementor-top-column elementor-element elementor-element-b75b522\" data-id=\"b75b522\" data-element_type=\"column\">\n\t\t\t<div class=\"elementor-widget-wrap elementor-element-populated\">\n\t\t\t\t\t\t\t\t<div class=\"elementor-element elementor-element-9faea1a elementor-widget elementor-widget-image\" data-id=\"9faea1a\" data-element_type=\"widget\" data-widget_type=\"image.default\">\n\t\t\t\t<div class=\"elementor-widget-container\">\n\t\t\t\t\t\t\t\t\t\t\t\t\t\t\t<img loading=\"lazy\" decoding=\"async\" width=\"550\" height=\"383\" src=\"https:\/\/www.christiancane.com\/blog\/wp-content\/uploads\/2021\/05\/une-histoire-de-famille_Image_113.jpg\" class=\"attachment-large size-large wp-image-210\" alt=\"\" srcset=\"https:\/\/www.christiancane.com\/blog\/wp-content\/uploads\/2021\/05\/une-histoire-de-famille_Image_113.jpg 550w, https:\/\/www.christiancane.com\/blog\/wp-content\/uploads\/2021\/05\/une-histoire-de-famille_Image_113-300x209.jpg 300w\" sizes=\"(max-width: 550px) 100vw, 550px\" \/>\t\t\t\t\t\t\t\t\t\t\t\t\t\t\t<\/div>\n\t\t\t\t<\/div>\n\t\t\t\t<div class=\"elementor-element elementor-element-bea7bf7 elementor-widget elementor-widget-heading\" data-id=\"bea7bf7\" data-element_type=\"widget\" data-widget_type=\"heading.default\">\n\t\t\t\t<div class=\"elementor-widget-container\">\n\t\t\t<h1 class=\"elementor-heading-title elementor-size-default\">CHAPITRE 2 : LES ANNEES 40<\/h1>\t\t<\/div>\n\t\t\t\t<\/div>\n\t\t\t\t\t<\/div>\n\t\t<\/div>\n\t\t\t\t<div class=\"elementor-column elementor-col-50 elementor-top-column elementor-element elementor-element-cc606c7\" data-id=\"cc606c7\" data-element_type=\"column\">\n\t\t\t<div class=\"elementor-widget-wrap\">\n\t\t\t\t\t\t\t\t\t<\/div>\n\t\t<\/div>\n\t\t\t\t\t\t\t<\/div>\n\t\t<\/section>\n\t\t\t\t<section class=\"elementor-section elementor-top-section elementor-element elementor-element-120818f elementor-section-boxed elementor-section-height-default elementor-section-height-default\" data-id=\"120818f\" data-element_type=\"section\">\n\t\t\t\t\t\t<div class=\"elementor-container elementor-column-gap-default\">\n\t\t\t\t\t<div class=\"elementor-column elementor-col-50 elementor-top-column elementor-element elementor-element-70b023b\" data-id=\"70b023b\" data-element_type=\"column\">\n\t\t\t<div class=\"elementor-widget-wrap elementor-element-populated\">\n\t\t\t\t\t\t\t\t<div class=\"elementor-element elementor-element-853375d elementor-widget elementor-widget-text-editor\" data-id=\"853375d\" data-element_type=\"widget\" data-widget_type=\"text-editor.default\">\n\t\t\t\t<div class=\"elementor-widget-container\">\n\t\t\t\t\t\t\t<p>Pendant la p\u00e9riode militaire de JEAN et tout au long de la guerre, la vie des deux femmes est difficile. Toute activit\u00e9 commerciale est au ralenti et nourrir sa famille devient la seule pr\u00e9occupation. Grace \u00e0 ses origines paysannes et \u00e0 un bon coup de jarret, JEANNE se ravitaille dans les fermes environnantes avec son v\u00e9lo et livre les quelques commandes de chemises assurant ainsi l\u2019intendance.<\/p><p>C\u2019est au retour de la guerre que la famille s\u2019installe rue Saint Alban, pr\u00e8s de l\u2019atelier en construction rue Jean Dupuis. Le choix de ce quartier n\u2019est pas anodin. En effet le quartier MULSANT est le creuset de l\u2019industrie textile depuis le d\u00e9but du dix-neuvi\u00e8me si\u00e8cle. C\u2019est un quartier ouvrier, parsem\u00e9 de petits ateliers de tricotage, de tissages d\u2019\u00e9ponge, d\u2019ateliers de m\u00e9canique industrielle et d\u2019ouvri\u00e8res \u00e0 domicile.<\/p><p>Le quartier bouillonne de vie. Les petits caf\u00e9s, les \u00e9piceries, les coiffeurs, s\u2019animent tr\u00e8s t\u00f4t le matin \u00e0 tard le soir. Les remorques attach\u00e9es aux v\u00e9los d\u00e9bordant de ballots de tissus ou d\u2019articles \u00e0 confectionner, sillonnent les rues pas encore goudronn\u00e9es. Apr\u00e8s les terribles ann\u00e9es de guerre, la vie reprend son cours et les affaires avec.<\/p><p>Nous sommes \u00e0 la fin des ann\u00e9es quarante et l\u2019atelier de confection voit le jour.<\/p><p>C\u2019est un b\u00e2timent modeste par la taille mais enti\u00e8rement neuf sur un terrain qui permettra plus tard une extension. Loin des lignes allemandes la ville de Roanne n\u2019est pas sinistr\u00e9e \u00e0 la Lib\u00e9ration mais la reconstruction et la modernisation sont compliqu\u00e9es par la p\u00e9nurie de mat\u00e9riaux et de mat\u00e9riels.<\/p><p><span style=\"font-size: 15px;\">C\u2019est aussi l\u2019arriv\u00e9e de la nouvelle et deuxi\u00e8me g\u00e9n\u00e9ration. GINETTE et ROGER vont se rencontrer \u00e0 mi chemin\u00a0<\/span><span style=\"font-size: 15px;\">entre Roanne et Nice, autour du lac du Bourget. Ils sont jeunes, ils sont beaux et compl\u00e9mentaires.<\/span><\/p><p><span style=\"font-size: 15px;\">Une passion amoureuse va naitre et le mariage est rapidement fix\u00e9. Il fallait \u00eatre tr\u00e8s amoureux pour\u00a0<\/span><span style=\"font-size: 15px;\">quitter la Riviera et s\u2019installer rue Saint Alban !<\/span><\/p><p><span style=\"font-size: 15px;\">ROGER est n\u00e9 \u00e0 Nice, d\u2019une famille italienne originaire de Ligurie, province frontali\u00e8re. Dans l\u2019entre-deux\u00a0<\/span><span style=\"font-size: 15px;\">guerres les parents quittent l\u2019Italie pour s\u2019installer en France en esp\u00e9rant des jours meilleurs. LIVIO est un\u00a0<\/span><span style=\"font-size: 15px;\">tr\u00e8s bon tailleur, HONORINE une excellente couturi\u00e8re. Leur petit atelier Ni\u00e7ois est rapidement prosp\u00e8re et\u00a0<\/span><span style=\"font-size: 15px;\">fabrique des costumes sur mesure pour les notables de la r\u00e9gion. On voit bien la similitude du parcours\u00a0<\/span><span style=\"font-size: 15px;\">professionnel de ces deux familles. Tout cela cr\u00e9era un lien tr\u00e8s fort au fil du temps. Ces origines italiennes\u00a0<\/span><span style=\"font-size: 15px;\">vont se retrouver plus tard dans le style des collections et marquer d\u2019une touche cr\u00e9ative \u00e0 l\u2019accent du Sud\u00a0<\/span><span style=\"font-size: 15px;\">les futurs produits.<\/span><\/p><p><span style=\"font-size: 15px;\">Le jeune couple va bien s\u00fbr s\u2019installer \u00e0 Roanne et entrer dans l\u2019entreprise de confection de chemises pour\u00a0<\/span><span style=\"font-size: 15px;\">homme qui commence \u00e0 se d\u00e9velopper. A l\u2019\u00e9poque on ne parle pas de fabrication en s\u00e9rie mais de travail \u00e0\u00a0<\/span><span style=\"font-size: 15px;\">fa\u00e7on pour des grossistes r\u00e9gionaux, forains et boutiques qui viennent se servir directement sur place.<\/span><\/p><p><span style=\"font-size: 15px;\">La\u00a0<\/span><span style=\"font-size: 15px;\">chemise pour homme est le produit principal, m\u00eame si certains donneurs d\u2019ordre commandent des articles\u00a0<\/span><span style=\"font-size: 15px;\">compl\u00e9mentaires qui vont enrichir le savoir-faire du petit atelier. Le couple est jeune et plein d\u2019id\u00e9es mais la\u00a0<\/span><span style=\"font-size: 15px;\">cohabitation avec le fondateur va se r\u00e9v\u00e9ler difficile. La nouvelle g\u00e9n\u00e9ration va n\u00e9anmoins pers\u00e9v\u00e9rer,\u00a0<\/span><span style=\"font-size: 15px;\">fermement d\u00e9cid\u00e9e \u00e0 travailler dur pour d\u00e9velopper son activit\u00e9. S\u2019ouvre alors une nouvelle d\u00e9cennie\u00a0<\/span><span style=\"font-size: 15px;\">pleine de promesse.<\/span><\/p>\t\t\t\t\t\t<\/div>\n\t\t\t\t<\/div>\n\t\t\t\t\t<\/div>\n\t\t<\/div>\n\t\t\t\t<div class=\"elementor-column elementor-col-50 elementor-top-column elementor-element elementor-element-ecc1911\" data-id=\"ecc1911\" data-element_type=\"column\">\n\t\t\t<div class=\"elementor-widget-wrap elementor-element-populated\">\n\t\t\t\t\t\t\t\t<section class=\"elementor-section elementor-inner-section elementor-element elementor-element-715d34e elementor-section-boxed elementor-section-height-default elementor-section-height-default\" data-id=\"715d34e\" data-element_type=\"section\">\n\t\t\t\t\t\t<div class=\"elementor-container elementor-column-gap-default\">\n\t\t\t\t\t<div class=\"elementor-column elementor-col-50 elementor-inner-column elementor-element elementor-element-bb6dc89\" data-id=\"bb6dc89\" data-element_type=\"column\">\n\t\t\t<div class=\"elementor-widget-wrap elementor-element-populated\">\n\t\t\t\t\t\t\t\t<div class=\"elementor-element elementor-element-96c603b elementor-widget elementor-widget-image\" data-id=\"96c603b\" data-element_type=\"widget\" data-widget_type=\"image.default\">\n\t\t\t\t<div class=\"elementor-widget-container\">\n\t\t\t\t\t\t\t\t\t\t\t\t\t\t\t\t<a href=\"https:\/\/www.christiancane.com\/blog\/wp-content\/uploads\/2021\/05\/une-histoire-de-famille_Image_109.jpg\" data-elementor-open-lightbox=\"yes\" data-elementor-lightbox-title=\"une histoire de famille_Image_109\" data-e-action-hash=\"#elementor-action%3Aaction%3Dlightbox%26settings%3DeyJpZCI6MjA2LCJ1cmwiOiJodHRwczpcL1wvd3d3LmNocmlzdGlhbmNhbmUuY29tXC9ibG9nXC93cC1jb250ZW50XC91cGxvYWRzXC8yMDIxXC8wNVwvdW5lLWhpc3RvaXJlLWRlLWZhbWlsbGVfSW1hZ2VfMTA5LmpwZyJ9\">\n\t\t\t\t\t\t\t<img loading=\"lazy\" decoding=\"async\" width=\"634\" height=\"877\" src=\"https:\/\/www.christiancane.com\/blog\/wp-content\/uploads\/2021\/05\/une-histoire-de-famille_Image_109.jpg\" class=\"attachment-large size-large wp-image-206\" alt=\"\" srcset=\"https:\/\/www.christiancane.com\/blog\/wp-content\/uploads\/2021\/05\/une-histoire-de-famille_Image_109.jpg 634w, https:\/\/www.christiancane.com\/blog\/wp-content\/uploads\/2021\/05\/une-histoire-de-famille_Image_109-217x300.jpg 217w\" sizes=\"(max-width: 634px) 100vw, 634px\" \/>\t\t\t\t\t\t\t\t<\/a>\n\t\t\t\t\t\t\t\t\t\t\t\t\t\t\t<\/div>\n\t\t\t\t<\/div>\n\t\t\t\t\t<\/div>\n\t\t<\/div>\n\t\t\t\t<div class=\"elementor-column elementor-col-50 elementor-inner-column elementor-element elementor-element-f0cc2e7\" data-id=\"f0cc2e7\" data-element_type=\"column\">\n\t\t\t<div class=\"elementor-widget-wrap elementor-element-populated\">\n\t\t\t\t\t\t\t\t<div class=\"elementor-element elementor-element-dba4817 elementor-widget elementor-widget-image\" data-id=\"dba4817\" data-element_type=\"widget\" data-widget_type=\"image.default\">\n\t\t\t\t<div class=\"elementor-widget-container\">\n\t\t\t\t\t\t\t\t\t\t\t\t\t\t\t\t<a href=\"https:\/\/www.christiancane.com\/blog\/wp-content\/uploads\/2021\/05\/une-histoire-de-famille_Image_110.jpg\" data-elementor-open-lightbox=\"yes\" data-elementor-lightbox-title=\"une histoire de famille_Image_110\" data-e-action-hash=\"#elementor-action%3Aaction%3Dlightbox%26settings%3DeyJpZCI6MjA3LCJ1cmwiOiJodHRwczpcL1wvd3d3LmNocmlzdGlhbmNhbmUuY29tXC9ibG9nXC93cC1jb250ZW50XC91cGxvYWRzXC8yMDIxXC8wNVwvdW5lLWhpc3RvaXJlLWRlLWZhbWlsbGVfSW1hZ2VfMTEwLmpwZyJ9\">\n\t\t\t\t\t\t\t<img loading=\"lazy\" decoding=\"async\" width=\"646\" height=\"897\" src=\"https:\/\/www.christiancane.com\/blog\/wp-content\/uploads\/2021\/05\/une-histoire-de-famille_Image_110.jpg\" class=\"attachment-large size-large wp-image-207\" alt=\"\" srcset=\"https:\/\/www.christiancane.com\/blog\/wp-content\/uploads\/2021\/05\/une-histoire-de-famille_Image_110.jpg 646w, https:\/\/www.christiancane.com\/blog\/wp-content\/uploads\/2021\/05\/une-histoire-de-famille_Image_110-216x300.jpg 216w\" sizes=\"(max-width: 646px) 100vw, 646px\" \/>\t\t\t\t\t\t\t\t<\/a>\n\t\t\t\t\t\t\t\t\t\t\t\t\t\t\t<\/div>\n\t\t\t\t<\/div>\n\t\t\t\t\t<\/div>\n\t\t<\/div>\n\t\t\t\t\t\t\t<\/div>\n\t\t<\/section>\n\t\t\t\t<section class=\"elementor-section elementor-inner-section elementor-element elementor-element-fc7c626 elementor-section-boxed elementor-section-height-default elementor-section-height-default\" data-id=\"fc7c626\" data-element_type=\"section\">\n\t\t\t\t\t\t<div class=\"elementor-container elementor-column-gap-default\">\n\t\t\t\t\t<div class=\"elementor-column elementor-col-50 elementor-inner-column elementor-element elementor-element-48530ce\" data-id=\"48530ce\" data-element_type=\"column\">\n\t\t\t<div class=\"elementor-widget-wrap elementor-element-populated\">\n\t\t\t\t\t\t\t\t<div class=\"elementor-element elementor-element-c0dde4e elementor-widget elementor-widget-image\" data-id=\"c0dde4e\" data-element_type=\"widget\" data-widget_type=\"image.default\">\n\t\t\t\t<div class=\"elementor-widget-container\">\n\t\t\t\t\t\t\t\t\t\t\t\t\t\t\t\t<a href=\"https:\/\/www.christiancane.com\/blog\/wp-content\/uploads\/2021\/05\/une-histoire-de-famille_Image_108.jpg\" data-elementor-open-lightbox=\"yes\" data-elementor-lightbox-title=\"une histoire de famille_Image_108\" data-e-action-hash=\"#elementor-action%3Aaction%3Dlightbox%26settings%3DeyJpZCI6MjA1LCJ1cmwiOiJodHRwczpcL1wvd3d3LmNocmlzdGlhbmNhbmUuY29tXC9ibG9nXC93cC1jb250ZW50XC91cGxvYWRzXC8yMDIxXC8wNVwvdW5lLWhpc3RvaXJlLWRlLWZhbWlsbGVfSW1hZ2VfMTA4LmpwZyJ9\">\n\t\t\t\t\t\t\t<img loading=\"lazy\" decoding=\"async\" width=\"466\" height=\"308\" src=\"https:\/\/www.christiancane.com\/blog\/wp-content\/uploads\/2021\/05\/une-histoire-de-famille_Image_108.jpg\" class=\"attachment-large size-large wp-image-205\" alt=\"\" srcset=\"https:\/\/www.christiancane.com\/blog\/wp-content\/uploads\/2021\/05\/une-histoire-de-famille_Image_108.jpg 466w, https:\/\/www.christiancane.com\/blog\/wp-content\/uploads\/2021\/05\/une-histoire-de-famille_Image_108-300x198.jpg 300w\" sizes=\"(max-width: 466px) 100vw, 466px\" \/>\t\t\t\t\t\t\t\t<\/a>\n\t\t\t\t\t\t\t\t\t\t\t\t\t\t\t<\/div>\n\t\t\t\t<\/div>\n\t\t\t\t<div class=\"elementor-element elementor-element-4b29c6d elementor-widget elementor-widget-image\" data-id=\"4b29c6d\" data-element_type=\"widget\" data-widget_type=\"image.default\">\n\t\t\t\t<div class=\"elementor-widget-container\">\n\t\t\t\t\t\t\t\t\t\t\t\t\t\t\t\t<a href=\"https:\/\/www.christiancane.com\/blog\/wp-content\/uploads\/2021\/05\/une-histoire-de-famille_Image_111.jpg\" data-elementor-open-lightbox=\"yes\" data-elementor-lightbox-title=\"une histoire de famille_Image_111\" data-e-action-hash=\"#elementor-action%3Aaction%3Dlightbox%26settings%3DeyJpZCI6MjA4LCJ1cmwiOiJodHRwczpcL1wvd3d3LmNocmlzdGlhbmNhbmUuY29tXC9ibG9nXC93cC1jb250ZW50XC91cGxvYWRzXC8yMDIxXC8wNVwvdW5lLWhpc3RvaXJlLWRlLWZhbWlsbGVfSW1hZ2VfMTExLmpwZyJ9\">\n\t\t\t\t\t\t\t<img loading=\"lazy\" decoding=\"async\" width=\"597\" height=\"391\" src=\"https:\/\/www.christiancane.com\/blog\/wp-content\/uploads\/2021\/05\/une-histoire-de-famille_Image_111.jpg\" class=\"attachment-large size-large wp-image-208\" alt=\"\" srcset=\"https:\/\/www.christiancane.com\/blog\/wp-content\/uploads\/2021\/05\/une-histoire-de-famille_Image_111.jpg 597w, https:\/\/www.christiancane.com\/blog\/wp-content\/uploads\/2021\/05\/une-histoire-de-famille_Image_111-300x196.jpg 300w\" sizes=\"(max-width: 597px) 100vw, 597px\" \/>\t\t\t\t\t\t\t\t<\/a>\n\t\t\t\t\t\t\t\t\t\t\t\t\t\t\t<\/div>\n\t\t\t\t<\/div>\n\t\t\t\t\t<\/div>\n\t\t<\/div>\n\t\t\t\t<div class=\"elementor-column elementor-col-50 elementor-inner-column elementor-element elementor-element-66d6dfd\" data-id=\"66d6dfd\" data-element_type=\"column\">\n\t\t\t<div class=\"elementor-widget-wrap elementor-element-populated\">\n\t\t\t\t\t\t\t\t<div class=\"elementor-element elementor-element-87ec9a4 elementor-widget elementor-widget-image\" data-id=\"87ec9a4\" data-element_type=\"widget\" data-widget_type=\"image.default\">\n\t\t\t\t<div class=\"elementor-widget-container\">\n\t\t\t\t\t\t\t\t\t\t\t\t\t\t\t\t<a href=\"https:\/\/www.christiancane.com\/blog\/wp-content\/uploads\/2021\/05\/une-histoire-de-famille_Image_114.jpg\" data-elementor-open-lightbox=\"yes\" data-elementor-lightbox-title=\"une histoire de famille_Image_114\" data-e-action-hash=\"#elementor-action%3Aaction%3Dlightbox%26settings%3DeyJpZCI6MjExLCJ1cmwiOiJodHRwczpcL1wvd3d3LmNocmlzdGlhbmNhbmUuY29tXC9ibG9nXC93cC1jb250ZW50XC91cGxvYWRzXC8yMDIxXC8wNVwvdW5lLWhpc3RvaXJlLWRlLWZhbWlsbGVfSW1hZ2VfMTE0LmpwZyJ9\">\n\t\t\t\t\t\t\t<img loading=\"lazy\" decoding=\"async\" width=\"380\" height=\"536\" src=\"https:\/\/www.christiancane.com\/blog\/wp-content\/uploads\/2021\/05\/une-histoire-de-famille_Image_114.jpg\" class=\"attachment-large size-large wp-image-211\" alt=\"\" srcset=\"https:\/\/www.christiancane.com\/blog\/wp-content\/uploads\/2021\/05\/une-histoire-de-famille_Image_114.jpg 380w, https:\/\/www.christiancane.com\/blog\/wp-content\/uploads\/2021\/05\/une-histoire-de-famille_Image_114-213x300.jpg 213w\" sizes=\"(max-width: 380px) 100vw, 380px\" \/>\t\t\t\t\t\t\t\t<\/a>\n\t\t\t\t\t\t\t\t\t\t\t\t\t\t\t<\/div>\n\t\t\t\t<\/div>\n\t\t\t\t\t<\/div>\n\t\t<\/div>\n\t\t\t\t\t\t\t<\/div>\n\t\t<\/section>\n\t\t\t\t<div class=\"elementor-element elementor-element-72ef0b3 elementor-widget elementor-widget-image\" data-id=\"72ef0b3\" data-element_type=\"widget\" data-widget_type=\"image.default\">\n\t\t\t\t<div class=\"elementor-widget-container\">\n\t\t\t\t\t\t\t\t\t\t\t\t\t\t\t<img loading=\"lazy\" decoding=\"async\" width=\"615\" height=\"891\" src=\"https:\/\/www.christiancane.com\/blog\/wp-content\/uploads\/2021\/05\/une-histoire-de-famille_Image_112.jpg\" class=\"attachment-large size-large wp-image-209\" alt=\"\" srcset=\"https:\/\/www.christiancane.com\/blog\/wp-content\/uploads\/2021\/05\/une-histoire-de-famille_Image_112.jpg 615w, https:\/\/www.christiancane.com\/blog\/wp-content\/uploads\/2021\/05\/une-histoire-de-famille_Image_112-207x300.jpg 207w\" sizes=\"(max-width: 615px) 100vw, 615px\" \/>\t\t\t\t\t\t\t\t\t\t\t\t\t\t\t<\/div>\n\t\t\t\t<\/div>\n\t\t\t\t\t<\/div>\n\t\t<\/div>\n\t\t\t\t\t\t\t<\/div>\n\t\t<\/section>\n\t\t\t\t\t\t\t<\/div>\n\t\t","protected":false},"excerpt":{"rendered":"<p>CHAPITRE 2 : LES ANNEES 40 Pendant la p\u00e9riode militaire de JEAN et tout au long de la guerre, la vie des deux femmes est difficile. Toute activit\u00e9 commerciale est au ralenti et nourrir sa famille devient la seule pr\u00e9occupation. Grace \u00e0 ses origines paysannes et \u00e0 un bon coup de jarret, JEANNE se ravitaille &hellip;<\/p>\n<p class=\"read-more\"> <a class=\"\" href=\"https:\/\/www.christiancane.com\/blog\/chapitre-2\/\"> <span class=\"screen-reader-text\">UNE HISTOIRE DE FAMILLE &#8211; CHAPITRE 2 : LES ANNEES 40<\/span> Lire la suite\u00a0\u00bb<\/a><\/p>\n","protected":false},"author":2,"featured_media":0,"parent":0,"menu_order":0,"comment_status":"closed","ping_status":"closed","template":"","meta":{"site-sidebar-layout":"no-sidebar","site-content-layout":"page-builder","ast-site-content-layout":"","site-content-style":"default","site-sidebar-style":"default","ast-global-header-display":"","ast-banner-title-visibility":"","ast-main-header-display":"","ast-hfb-above-header-display":"","ast-hfb-below-header-display":"","ast-hfb-mobile-header-display":"","site-post-title":"disabled","ast-breadcrumbs-content":"","ast-featured-img":"disabled","footer-sml-layout":"","theme-transparent-header-meta":"default","adv-header-id-meta":"","stick-header-meta":"","header-above-stick-meta":"","header-main-stick-meta":"","header-below-stick-meta":"","astra-migrate-meta-layouts":"","footnotes":""},"yoast_head":"<!-- This site is optimized with the Yoast SEO plugin v17.7 - https:\/\/yoast.com\/wordpress\/plugins\/seo\/ -->\n<title>CHAPITRE 2 : LES ANNEES QUARANTE | Christian Cane<\/title>\n<meta name=\"robots\" content=\"index, follow, max-snippet:-1, max-image-preview:large, max-video-preview:-1\" \/>\n<link rel=\"canonical\" href=\"https:\/\/www.christiancane.com\/blog\/chapitre-2\/\" \/>\n<meta property=\"og:locale\" content=\"fr_FR\" \/>\n<meta property=\"og:type\" content=\"article\" \/>\n<meta property=\"og:title\" content=\"CHAPITRE 2 : LES ANNEES QUARANTE | Christian Cane\" \/>\n<meta property=\"og:description\" content=\"CHAPITRE 2 : LES ANNEES 40 Pendant la p\u00e9riode militaire de JEAN et tout au long de la guerre, la vie des deux femmes est difficile. Toute activit\u00e9 commerciale est au ralenti et nourrir sa famille devient la seule pr\u00e9occupation. Grace \u00e0 ses origines paysannes et \u00e0 un bon coup de jarret, JEANNE se ravitaille &hellip; UNE HISTOIRE DE FAMILLE &#8211; CHAPITRE 2 : LES ANNEES 40 Lire la suite\u00a0\u00bb\" \/>\n<meta property=\"og:url\" content=\"https:\/\/www.christiancane.com\/blog\/chapitre-2\/\" \/>\n<meta property=\"article:modified_time\" content=\"2021-05-31T12:50:04+00:00\" \/>\n<meta property=\"og:image\" content=\"https:\/\/www.christiancane.com\/blog\/wp-content\/uploads\/2021\/05\/une-histoire-de-famille_Image_113.jpg\" \/>\n<meta name=\"twitter:card\" content=\"summary_large_image\" \/>\n<meta name=\"twitter:label1\" content=\"Dur\u00e9e de lecture estim\u00e9e\" \/>\n\t<meta name=\"twitter:data1\" content=\"4 minutes\" \/>\n<script type=\"application\/ld+json\" class=\"yoast-schema-graph\">{\"@context\":\"https:\/\/schema.org\",\"@graph\":[{\"@type\":\"WebSite\",\"@id\":\"https:\/\/www.christiancane.com\/blog\/#website\",\"url\":\"https:\/\/www.christiancane.com\/blog\/\",\"name\":\"\",\"description\":\"\",\"potentialAction\":[{\"@type\":\"SearchAction\",\"target\":{\"@type\":\"EntryPoint\",\"urlTemplate\":\"https:\/\/www.christiancane.com\/blog\/?s={search_term_string}\"},\"query-input\":\"required name=search_term_string\"}],\"inLanguage\":\"fr-FR\"},{\"@type\":\"ImageObject\",\"@id\":\"https:\/\/www.christiancane.com\/blog\/chapitre-2\/#primaryimage\",\"inLanguage\":\"fr-FR\",\"url\":\"https:\/\/www.christiancane.com\/blog\/wp-content\/uploads\/2021\/05\/une-histoire-de-famille_Image_113.jpg\",\"contentUrl\":\"https:\/\/www.christiancane.com\/blog\/wp-content\/uploads\/2021\/05\/une-histoire-de-famille_Image_113.jpg\",\"width\":550,\"height\":383},{\"@type\":\"WebPage\",\"@id\":\"https:\/\/www.christiancane.com\/blog\/chapitre-2\/#webpage\",\"url\":\"https:\/\/www.christiancane.com\/blog\/chapitre-2\/\",\"name\":\"CHAPITRE 2 : LES ANNEES QUARANTE | Christian Cane\",\"isPartOf\":{\"@id\":\"https:\/\/www.christiancane.com\/blog\/#website\"},\"primaryImageOfPage\":{\"@id\":\"https:\/\/www.christiancane.com\/blog\/chapitre-2\/#primaryimage\"},\"datePublished\":\"2021-05-26T19:26:37+00:00\",\"dateModified\":\"2021-05-31T12:50:04+00:00\",\"breadcrumb\":{\"@id\":\"https:\/\/www.christiancane.com\/blog\/chapitre-2\/#breadcrumb\"},\"inLanguage\":\"fr-FR\",\"potentialAction\":[{\"@type\":\"ReadAction\",\"target\":[\"https:\/\/www.christiancane.com\/blog\/chapitre-2\/\"]}]},{\"@type\":\"BreadcrumbList\",\"@id\":\"https:\/\/www.christiancane.com\/blog\/chapitre-2\/#breadcrumb\",\"itemListElement\":[{\"@type\":\"ListItem\",\"position\":1,\"name\":\"Accueil\",\"item\":\"https:\/\/www.christiancane.com\/blog\/\"},{\"@type\":\"ListItem\",\"position\":2,\"name\":\"UNE HISTOIRE DE FAMILLE &#8211; CHAPITRE 2 : LES ANNEES 40\"}]}]}<\/script>\n<!-- \/ Yoast SEO plugin. -->","yoast_head_json":{"title":"CHAPITRE 2 : LES ANNEES QUARANTE | Christian Cane","robots":{"index":"index","follow":"follow","max-snippet":"max-snippet:-1","max-image-preview":"max-image-preview:large","max-video-preview":"max-video-preview:-1"},"canonical":"https:\/\/www.christiancane.com\/blog\/chapitre-2\/","og_locale":"fr_FR","og_type":"article","og_title":"CHAPITRE 2 : LES ANNEES QUARANTE | Christian Cane","og_description":"CHAPITRE 2 : LES ANNEES 40 Pendant la p\u00e9riode militaire de JEAN et tout au long de la guerre, la vie des deux femmes est difficile. Toute activit\u00e9 commerciale est au ralenti et nourrir sa famille devient la seule pr\u00e9occupation. Grace \u00e0 ses origines paysannes et \u00e0 un bon coup de jarret, JEANNE se ravitaille &hellip; UNE HISTOIRE DE FAMILLE &#8211; CHAPITRE 2 : LES ANNEES 40 Lire la suite\u00a0\u00bb","og_url":"https:\/\/www.christiancane.com\/blog\/chapitre-2\/","article_modified_time":"2021-05-31T12:50:04+00:00","og_image":[{"url":"https:\/\/www.christiancane.com\/blog\/wp-content\/uploads\/2021\/05\/une-histoire-de-famille_Image_113.jpg"}],"twitter_card":"summary_large_image","twitter_misc":{"Dur\u00e9e de lecture estim\u00e9e":"4 minutes"},"schema":{"@context":"https:\/\/schema.org","@graph":[{"@type":"WebSite","@id":"https:\/\/www.christiancane.com\/blog\/#website","url":"https:\/\/www.christiancane.com\/blog\/","name":"","description":"","potentialAction":[{"@type":"SearchAction","target":{"@type":"EntryPoint","urlTemplate":"https:\/\/www.christiancane.com\/blog\/?s={search_term_string}"},"query-input":"required name=search_term_string"}],"inLanguage":"fr-FR"},{"@type":"ImageObject","@id":"https:\/\/www.christiancane.com\/blog\/chapitre-2\/#primaryimage","inLanguage":"fr-FR","url":"https:\/\/www.christiancane.com\/blog\/wp-content\/uploads\/2021\/05\/une-histoire-de-famille_Image_113.jpg","contentUrl":"https:\/\/www.christiancane.com\/blog\/wp-content\/uploads\/2021\/05\/une-histoire-de-famille_Image_113.jpg","width":550,"height":383},{"@type":"WebPage","@id":"https:\/\/www.christiancane.com\/blog\/chapitre-2\/#webpage","url":"https:\/\/www.christiancane.com\/blog\/chapitre-2\/","name":"CHAPITRE 2 : LES ANNEES QUARANTE | Christian Cane","isPartOf":{"@id":"https:\/\/www.christiancane.com\/blog\/#website"},"primaryImageOfPage":{"@id":"https:\/\/www.christiancane.com\/blog\/chapitre-2\/#primaryimage"},"datePublished":"2021-05-26T19:26:37+00:00","dateModified":"2021-05-31T12:50:04+00:00","breadcrumb":{"@id":"https:\/\/www.christiancane.com\/blog\/chapitre-2\/#breadcrumb"},"inLanguage":"fr-FR","potentialAction":[{"@type":"ReadAction","target":["https:\/\/www.christiancane.com\/blog\/chapitre-2\/"]}]},{"@type":"BreadcrumbList","@id":"https:\/\/www.christiancane.com\/blog\/chapitre-2\/#breadcrumb","itemListElement":[{"@type":"ListItem","position":1,"name":"Accueil","item":"https:\/\/www.christiancane.com\/blog\/"},{"@type":"ListItem","position":2,"name":"UNE HISTOIRE DE FAMILLE &#8211; CHAPITRE 2 : LES ANNEES 40"}]}]}},"_links":{"self":[{"href":"https:\/\/www.christiancane.com\/blog\/wp-json\/wp\/v2\/pages\/254"}],"collection":[{"href":"https:\/\/www.christiancane.com\/blog\/wp-json\/wp\/v2\/pages"}],"about":[{"href":"https:\/\/www.christiancane.com\/blog\/wp-json\/wp\/v2\/types\/page"}],"author":[{"embeddable":true,"href":"https:\/\/www.christiancane.com\/blog\/wp-json\/wp\/v2\/users\/2"}],"replies":[{"embeddable":true,"href":"https:\/\/www.christiancane.com\/blog\/wp-json\/wp\/v2\/comments?post=254"}],"version-history":[{"count":11,"href":"https:\/\/www.christiancane.com\/blog\/wp-json\/wp\/v2\/pages\/254\/revisions"}],"predecessor-version":[{"id":372,"href":"https:\/\/www.christiancane.com\/blog\/wp-json\/wp\/v2\/pages\/254\/revisions\/372"}],"wp:attachment":[{"href":"https:\/\/www.christiancane.com\/blog\/wp-json\/wp\/v2\/media?parent=254"}],"curies":[{"name":"wp","href":"https:\/\/api.w.org\/{rel}","templated":true}]}}