{"id":264,"date":"2021-05-26T21:36:14","date_gmt":"2021-05-26T19:36:14","guid":{"rendered":"https:\/\/www.christiancane.com\/blog\/?page_id=264"},"modified":"2021-09-20T16:53:21","modified_gmt":"2021-09-20T14:53:21","slug":"chapitre-4","status":"publish","type":"page","link":"https:\/\/www.christiancane.com\/blog\/chapitre-4\/","title":{"rendered":"UNE HISTOIRE DE FAMILLE &#8211; CHAPITRE 4 : LES ANNEES 60"},"content":{"rendered":"\t\t<div data-elementor-type=\"wp-page\" data-elementor-id=\"264\" class=\"elementor elementor-264\">\n\t\t\t\t\t\t\t\t\t<section class=\"elementor-section elementor-top-section elementor-element elementor-element-fbc9b1f elementor-section-boxed elementor-section-height-default elementor-section-height-default\" data-id=\"fbc9b1f\" data-element_type=\"section\">\n\t\t\t\t\t\t<div class=\"elementor-container elementor-column-gap-default\">\n\t\t\t\t\t<div class=\"elementor-column elementor-col-50 elementor-top-column elementor-element elementor-element-b75b522\" data-id=\"b75b522\" data-element_type=\"column\">\n\t\t\t<div class=\"elementor-widget-wrap elementor-element-populated\">\n\t\t\t\t\t\t\t\t<div class=\"elementor-element elementor-element-9faea1a elementor-widget elementor-widget-image\" data-id=\"9faea1a\" data-element_type=\"widget\" data-widget_type=\"image.default\">\n\t\t\t\t<div class=\"elementor-widget-container\">\n\t\t\t\t\t\t\t\t\t\t\t\t\t\t\t<img loading=\"lazy\" decoding=\"async\" width=\"1024\" height=\"200\" src=\"https:\/\/www.christiancane.com\/blog\/wp-content\/uploads\/2021\/05\/une-histoire-de-famille_Image_279-1024x200.jpg\" class=\"attachment-large size-large wp-image-214\" alt=\"\" srcset=\"https:\/\/www.christiancane.com\/blog\/wp-content\/uploads\/2021\/05\/une-histoire-de-famille_Image_279-1024x200.jpg 1024w, https:\/\/www.christiancane.com\/blog\/wp-content\/uploads\/2021\/05\/une-histoire-de-famille_Image_279-300x59.jpg 300w, https:\/\/www.christiancane.com\/blog\/wp-content\/uploads\/2021\/05\/une-histoire-de-famille_Image_279-768x150.jpg 768w, https:\/\/www.christiancane.com\/blog\/wp-content\/uploads\/2021\/05\/une-histoire-de-famille_Image_279.jpg 1329w\" sizes=\"(max-width: 1024px) 100vw, 1024px\" \/>\t\t\t\t\t\t\t\t\t\t\t\t\t\t\t<\/div>\n\t\t\t\t<\/div>\n\t\t\t\t<div class=\"elementor-element elementor-element-bea7bf7 elementor-widget elementor-widget-heading\" data-id=\"bea7bf7\" data-element_type=\"widget\" data-widget_type=\"heading.default\">\n\t\t\t\t<div class=\"elementor-widget-container\">\n\t\t\t<h1 class=\"elementor-heading-title elementor-size-default\">CHAPITRE 4 : LES ANNEES 60<\/h1>\t\t<\/div>\n\t\t\t\t<\/div>\n\t\t\t\t\t<\/div>\n\t\t<\/div>\n\t\t\t\t<div class=\"elementor-column elementor-col-50 elementor-top-column elementor-element elementor-element-cc606c7\" data-id=\"cc606c7\" data-element_type=\"column\">\n\t\t\t<div class=\"elementor-widget-wrap\">\n\t\t\t\t\t\t\t\t\t<\/div>\n\t\t<\/div>\n\t\t\t\t\t\t\t<\/div>\n\t\t<\/section>\n\t\t\t\t<section class=\"elementor-section elementor-top-section elementor-element elementor-element-120818f elementor-section-boxed elementor-section-height-default elementor-section-height-default\" data-id=\"120818f\" data-element_type=\"section\">\n\t\t\t\t\t\t<div class=\"elementor-container elementor-column-gap-default\">\n\t\t\t\t\t<div class=\"elementor-column elementor-col-50 elementor-top-column elementor-element elementor-element-70b023b\" data-id=\"70b023b\" data-element_type=\"column\">\n\t\t\t<div class=\"elementor-widget-wrap elementor-element-populated\">\n\t\t\t\t\t\t\t\t<div class=\"elementor-element elementor-element-853375d elementor-widget elementor-widget-text-editor\" data-id=\"853375d\" data-element_type=\"widget\" data-widget_type=\"text-editor.default\">\n\t\t\t\t<div class=\"elementor-widget-container\">\n\t\t\t\t\t\t\t<p>Le contexte \u00e9conomique s\u2019am\u00e9liore et la soci\u00e9t\u00e9 de consommation annonce une d\u00e9cennie de prosp\u00e9rit\u00e9 qui va se terminer par les \u00e9v\u00e9nements de Mai soixante-huit et la prise de parole de la jeune g\u00e9n\u00e9ration. La mode prend le pouvoir dans la rue et de nouvelles boutiques ind\u00e9pendantes ouvrent dans les centres villes.<\/p><p>La garde-robe de l\u2019homme des ann\u00e9es soixante entre dans une \u00e8re moderne et d\u00e9complex\u00e9e. Je me souviens des efforts d\u00e9sesp\u00e9r\u00e9s des parents pour trouver des tissus imprim\u00e9s pour fabriquer des chemises \u00e0 fleurs, lanc\u00e9es par le chanteur Antoine et recherch\u00e9es par les boutiques. Une jeunesse se reconnait pour la premi\u00e8re fois \u00e0 travers ses propres codes vestimentaires, sa musique, et revendique une nouvelle libert\u00e9 face aux parents. Ce sont ces premiers \u00e9mois qui vont d\u00e9clencher mes envies de mode et la volont\u00e9 d\u2019en faire mon m\u00e9tier. C\u2019est aussi pendant mes vacances italiennes chez mes grands-parents que va se forger un<br \/>gout affirm\u00e9 pour la couleur et ses originales combinaisons.<\/p><p>Une rencontre d\u00e9cisive va permettre de profiter de ce mouvement. JACQUES est un commercial de talent, tr\u00e8s introduit dans les chemiseries. Il a le sens du produit et constitue une \u00e9quipe de vendeurs pour distribuer la nouvelle marque sur tout le territoire. Il va faire passer le petit atelier qui fabrique \u00e0 fa\u00e7on \u00e0 une entreprise florissante qui est propri\u00e9taire d\u2019une marque en devenir : MERVIL. \u00ab A la mer comme \u00e0 la\u00a0<span style=\"font-size: 15px;\">ville, portez toujours MERVIL \u00ab, devient son slogan. Deux collections de chemise pour homme, une l\u2019\u00e9t\u00e9,\u00a0<\/span><span style=\"font-size: 15px;\">l\u2019autre l\u2019hiver sont propos\u00e9es pour \u00e9largir l\u2019offre en boutique, apr\u00e8s avoir \u00e9t\u00e9 test\u00e9es dans la chemiserie\u00a0<\/span><span style=\"font-size: 15px;\">CHRISTIAN. Exclusivement masculine, l\u2019offre de chemises se voit compl\u00e9t\u00e9e par les premiers pyjamas,\u00a0<\/span><span style=\"font-size: 15px;\">r\u00e9clam\u00e9s par les clients. Pour r\u00e9pondre \u00e0 cette nouvelle demande l\u2019atelier s\u2019organise, du personnel est\u00a0<\/span><span style=\"font-size: 15px;\">recrut\u00e9. Les vieilles machines \u00e0 coudre Singer, datant du plan Marshal sont remplac\u00e9es par des mat\u00e9riels\u00a0<\/span><span style=\"font-size: 15px;\">Japonais derniers cris avec un syst\u00e8me de coupe fil automatique qui assure un travail de qualit\u00e9 et surtout\u00a0<\/span><span style=\"font-size: 15px;\">un rendement sup\u00e9rieur. La fabrication du pyjama qui est plus complexe oblige ROGER \u00e0 cr\u00e9er un atelier\u00a0<\/span><span style=\"font-size: 15px;\">sp\u00e9cifique ind\u00e9pendant de celui des chemises. GINETTE s\u2019occupe de la gestion et des clients tandis que\u00a0<\/span><span style=\"font-size: 15px;\">JACQUES, nomm\u00e9 directeur commercial re\u00e7oit les fournisseurs et cr\u00e9e les collections. Ce syst\u00e8me de\u00a0<\/span><span style=\"font-size: 15px;\">partage des taches selon ses comp\u00e9tences permet au syst\u00e8me de fonctionner harmonieusement et sera\u00a0<\/span><span style=\"font-size: 15px;\">appliqu\u00e9 \u00e0 chaque \u00e9tape de la vie de l\u2019entreprise.<\/span><\/p><p><span style=\"font-size: 15px;\">Le territoire Roannais profite de cet \u00e9lan pour la mode et le secteur traditionnel du tissage, tr\u00e8s affect\u00e9 par\u00a0<\/span><span style=\"font-size: 15px;\">la perte des colonies, d\u00e9cline au profit de petites entreprises plus r\u00e9actives. La bonneterie est \u00e0 son apog\u00e9e\u00a0<\/span><span style=\"font-size: 15px;\">et recrute du personnel aux d\u00e9pens de la confection. Je me souviens des craintes des parents \u00e0 chaque\u00a0<\/span><span style=\"font-size: 15px;\">retour de vacances d\u2019\u00e9t\u00e9, comptant les ouvri\u00e8res pour v\u00e9rifier si les concurrents bonnetiers n\u2019avaient pas\u00a0<\/span><span style=\"font-size: 15px;\">d\u00e9bauch\u00e9 une partie du personnel.<\/span><\/p><p><span style=\"font-size: 15px;\">Si la d\u00e9cade commence bien avec la naissance de JEAN-YVES, le cadet de la famille, elle se termine dans la\u00a0<\/span><span style=\"font-size: 15px;\">tristesse avec le d\u00e9c\u00e8s de JEANNE, la fondatrice.<\/span><\/p>\t\t\t\t\t\t<\/div>\n\t\t\t\t<\/div>\n\t\t\t\t\t<\/div>\n\t\t<\/div>\n\t\t\t\t<div class=\"elementor-column elementor-col-50 elementor-top-column elementor-element elementor-element-ecc1911\" data-id=\"ecc1911\" data-element_type=\"column\">\n\t\t\t<div class=\"elementor-widget-wrap elementor-element-populated\">\n\t\t\t\t\t\t\t\t<section class=\"elementor-section elementor-inner-section elementor-element elementor-element-fc7c626 elementor-section-boxed elementor-section-height-default elementor-section-height-default\" data-id=\"fc7c626\" data-element_type=\"section\">\n\t\t\t\t\t\t<div class=\"elementor-container elementor-column-gap-default\">\n\t\t\t\t\t<div class=\"elementor-column elementor-col-100 elementor-inner-column elementor-element elementor-element-48530ce\" data-id=\"48530ce\" data-element_type=\"column\">\n\t\t\t<div class=\"elementor-widget-wrap elementor-element-populated\">\n\t\t\t\t\t\t\t\t<div class=\"elementor-element elementor-element-c0dde4e elementor-widget elementor-widget-image\" data-id=\"c0dde4e\" data-element_type=\"widget\" data-widget_type=\"image.default\">\n\t\t\t\t<div class=\"elementor-widget-container\">\n\t\t\t\t\t\t\t\t\t\t\t\t\t\t\t\t<a href=\"https:\/\/www.christiancane.com\/blog\/wp-content\/uploads\/2021\/05\/une-histoire-de-famille_Image_280.jpg\" data-elementor-open-lightbox=\"yes\" data-elementor-lightbox-title=\"une histoire de famille_Image_280\" data-e-action-hash=\"#elementor-action%3Aaction%3Dlightbox%26settings%3DeyJpZCI6MjE1LCJ1cmwiOiJodHRwczpcL1wvd3d3LmNocmlzdGlhbmNhbmUuY29tXC9ibG9nXC93cC1jb250ZW50XC91cGxvYWRzXC8yMDIxXC8wNVwvdW5lLWhpc3RvaXJlLWRlLWZhbWlsbGVfSW1hZ2VfMjgwLmpwZyJ9\">\n\t\t\t\t\t\t\t<img loading=\"lazy\" decoding=\"async\" width=\"771\" height=\"1024\" src=\"https:\/\/www.christiancane.com\/blog\/wp-content\/uploads\/2021\/05\/une-histoire-de-famille_Image_280-771x1024.jpg\" class=\"attachment-large size-large wp-image-215\" alt=\"\" srcset=\"https:\/\/www.christiancane.com\/blog\/wp-content\/uploads\/2021\/05\/une-histoire-de-famille_Image_280-771x1024.jpg 771w, https:\/\/www.christiancane.com\/blog\/wp-content\/uploads\/2021\/05\/une-histoire-de-famille_Image_280-226x300.jpg 226w, https:\/\/www.christiancane.com\/blog\/wp-content\/uploads\/2021\/05\/une-histoire-de-famille_Image_280-768x1020.jpg 768w, https:\/\/www.christiancane.com\/blog\/wp-content\/uploads\/2021\/05\/une-histoire-de-famille_Image_280.jpg 800w\" sizes=\"(max-width: 771px) 100vw, 771px\" \/>\t\t\t\t\t\t\t\t<\/a>\n\t\t\t\t\t\t\t\t\t\t\t\t\t\t\t<\/div>\n\t\t\t\t<\/div>\n\t\t\t\t<div class=\"elementor-element elementor-element-1bf9017 elementor-widget elementor-widget-image\" data-id=\"1bf9017\" data-element_type=\"widget\" data-widget_type=\"image.default\">\n\t\t\t\t<div class=\"elementor-widget-container\">\n\t\t\t\t\t\t\t\t\t\t\t\t\t\t\t<img loading=\"lazy\" decoding=\"async\" width=\"1024\" height=\"771\" src=\"https:\/\/www.christiancane.com\/blog\/wp-content\/uploads\/2021\/09\/MR-PEMERLE-1960-001-1024x771.jpg\" class=\"attachment-large size-large wp-image-389\" alt=\"\" srcset=\"https:\/\/www.christiancane.com\/blog\/wp-content\/uploads\/2021\/09\/MR-PEMERLE-1960-001-1024x771.jpg 1024w, https:\/\/www.christiancane.com\/blog\/wp-content\/uploads\/2021\/09\/MR-PEMERLE-1960-001-300x226.jpg 300w, https:\/\/www.christiancane.com\/blog\/wp-content\/uploads\/2021\/09\/MR-PEMERLE-1960-001-768x579.jpg 768w, https:\/\/www.christiancane.com\/blog\/wp-content\/uploads\/2021\/09\/MR-PEMERLE-1960-001-1536x1157.jpg 1536w, https:\/\/www.christiancane.com\/blog\/wp-content\/uploads\/2021\/09\/MR-PEMERLE-1960-001-2048x1543.jpg 2048w\" sizes=\"(max-width: 1024px) 100vw, 1024px\" \/>\t\t\t\t\t\t\t\t\t\t\t\t\t\t\t<\/div>\n\t\t\t\t<\/div>\n\t\t\t\t\t<\/div>\n\t\t<\/div>\n\t\t\t\t\t\t\t<\/div>\n\t\t<\/section>\n\t\t\t\t\t<\/div>\n\t\t<\/div>\n\t\t\t\t\t\t\t<\/div>\n\t\t<\/section>\n\t\t\t\t\t\t\t<\/div>\n\t\t","protected":false},"excerpt":{"rendered":"<p>CHAPITRE 4 : LES ANNEES 60 Le contexte \u00e9conomique s\u2019am\u00e9liore et la soci\u00e9t\u00e9 de consommation annonce une d\u00e9cennie de prosp\u00e9rit\u00e9 qui va se terminer par les \u00e9v\u00e9nements de Mai soixante-huit et la prise de parole de la jeune g\u00e9n\u00e9ration. La mode prend le pouvoir dans la rue et de nouvelles boutiques ind\u00e9pendantes ouvrent dans les &hellip;<\/p>\n<p class=\"read-more\"> <a class=\"\" href=\"https:\/\/www.christiancane.com\/blog\/chapitre-4\/\"> <span class=\"screen-reader-text\">UNE HISTOIRE DE FAMILLE &#8211; CHAPITRE 4 : LES ANNEES 60<\/span> Lire la suite\u00a0\u00bb<\/a><\/p>\n","protected":false},"author":2,"featured_media":0,"parent":0,"menu_order":0,"comment_status":"closed","ping_status":"closed","template":"","meta":{"site-sidebar-layout":"no-sidebar","site-content-layout":"page-builder","ast-site-content-layout":"","site-content-style":"default","site-sidebar-style":"default","ast-global-header-display":"","ast-banner-title-visibility":"","ast-main-header-display":"","ast-hfb-above-header-display":"","ast-hfb-below-header-display":"","ast-hfb-mobile-header-display":"","site-post-title":"disabled","ast-breadcrumbs-content":"","ast-featured-img":"disabled","footer-sml-layout":"","theme-transparent-header-meta":"default","adv-header-id-meta":"","stick-header-meta":"","header-above-stick-meta":"","header-main-stick-meta":"","header-below-stick-meta":"","astra-migrate-meta-layouts":"","footnotes":""},"yoast_head":"<!-- This site is optimized with the Yoast SEO plugin v17.7 - https:\/\/yoast.com\/wordpress\/plugins\/seo\/ -->\n<title>CHAPITRE 4 : LES ANNEES SOIXANTE | Christian Cane<\/title>\n<meta name=\"robots\" content=\"index, follow, max-snippet:-1, max-image-preview:large, max-video-preview:-1\" \/>\n<link rel=\"canonical\" href=\"https:\/\/www.christiancane.com\/blog\/chapitre-4\/\" \/>\n<meta property=\"og:locale\" content=\"fr_FR\" \/>\n<meta property=\"og:type\" content=\"article\" \/>\n<meta property=\"og:title\" content=\"CHAPITRE 4 : LES ANNEES SOIXANTE | Christian Cane\" \/>\n<meta property=\"og:description\" content=\"CHAPITRE 4 : LES ANNEES 60 Le contexte \u00e9conomique s\u2019am\u00e9liore et la soci\u00e9t\u00e9 de consommation annonce une d\u00e9cennie de prosp\u00e9rit\u00e9 qui va se terminer par les \u00e9v\u00e9nements de Mai soixante-huit et la prise de parole de la jeune g\u00e9n\u00e9ration. La mode prend le pouvoir dans la rue et de nouvelles boutiques ind\u00e9pendantes ouvrent dans les &hellip; UNE HISTOIRE DE FAMILLE &#8211; CHAPITRE 4 : LES ANNEES 60 Lire la suite\u00a0\u00bb\" \/>\n<meta property=\"og:url\" content=\"https:\/\/www.christiancane.com\/blog\/chapitre-4\/\" \/>\n<meta property=\"article:modified_time\" content=\"2021-09-20T14:53:21+00:00\" \/>\n<meta property=\"og:image\" content=\"https:\/\/www.christiancane.com\/blog\/wp-content\/uploads\/2021\/05\/une-histoire-de-famille_Image_279-1024x200.jpg\" \/>\n<meta name=\"twitter:card\" content=\"summary_large_image\" \/>\n<meta name=\"twitter:label1\" content=\"Dur\u00e9e de lecture estim\u00e9e\" \/>\n\t<meta name=\"twitter:data1\" content=\"4 minutes\" \/>\n<script type=\"application\/ld+json\" class=\"yoast-schema-graph\">{\"@context\":\"https:\/\/schema.org\",\"@graph\":[{\"@type\":\"WebSite\",\"@id\":\"https:\/\/www.christiancane.com\/blog\/#website\",\"url\":\"https:\/\/www.christiancane.com\/blog\/\",\"name\":\"\",\"description\":\"\",\"potentialAction\":[{\"@type\":\"SearchAction\",\"target\":{\"@type\":\"EntryPoint\",\"urlTemplate\":\"https:\/\/www.christiancane.com\/blog\/?s={search_term_string}\"},\"query-input\":\"required name=search_term_string\"}],\"inLanguage\":\"fr-FR\"},{\"@type\":\"ImageObject\",\"@id\":\"https:\/\/www.christiancane.com\/blog\/chapitre-4\/#primaryimage\",\"inLanguage\":\"fr-FR\",\"url\":\"https:\/\/www.christiancane.com\/blog\/wp-content\/uploads\/2021\/05\/une-histoire-de-famille_Image_279.jpg\",\"contentUrl\":\"https:\/\/www.christiancane.com\/blog\/wp-content\/uploads\/2021\/05\/une-histoire-de-famille_Image_279.jpg\",\"width\":1329,\"height\":260},{\"@type\":\"WebPage\",\"@id\":\"https:\/\/www.christiancane.com\/blog\/chapitre-4\/#webpage\",\"url\":\"https:\/\/www.christiancane.com\/blog\/chapitre-4\/\",\"name\":\"CHAPITRE 4 : LES ANNEES SOIXANTE | Christian Cane\",\"isPartOf\":{\"@id\":\"https:\/\/www.christiancane.com\/blog\/#website\"},\"primaryImageOfPage\":{\"@id\":\"https:\/\/www.christiancane.com\/blog\/chapitre-4\/#primaryimage\"},\"datePublished\":\"2021-05-26T19:36:14+00:00\",\"dateModified\":\"2021-09-20T14:53:21+00:00\",\"breadcrumb\":{\"@id\":\"https:\/\/www.christiancane.com\/blog\/chapitre-4\/#breadcrumb\"},\"inLanguage\":\"fr-FR\",\"potentialAction\":[{\"@type\":\"ReadAction\",\"target\":[\"https:\/\/www.christiancane.com\/blog\/chapitre-4\/\"]}]},{\"@type\":\"BreadcrumbList\",\"@id\":\"https:\/\/www.christiancane.com\/blog\/chapitre-4\/#breadcrumb\",\"itemListElement\":[{\"@type\":\"ListItem\",\"position\":1,\"name\":\"Accueil\",\"item\":\"https:\/\/www.christiancane.com\/blog\/\"},{\"@type\":\"ListItem\",\"position\":2,\"name\":\"UNE HISTOIRE DE FAMILLE &#8211; CHAPITRE 4 : LES ANNEES 60\"}]}]}<\/script>\n<!-- \/ Yoast SEO plugin. -->","yoast_head_json":{"title":"CHAPITRE 4 : LES ANNEES SOIXANTE | Christian Cane","robots":{"index":"index","follow":"follow","max-snippet":"max-snippet:-1","max-image-preview":"max-image-preview:large","max-video-preview":"max-video-preview:-1"},"canonical":"https:\/\/www.christiancane.com\/blog\/chapitre-4\/","og_locale":"fr_FR","og_type":"article","og_title":"CHAPITRE 4 : LES ANNEES SOIXANTE | Christian Cane","og_description":"CHAPITRE 4 : LES ANNEES 60 Le contexte \u00e9conomique s\u2019am\u00e9liore et la soci\u00e9t\u00e9 de consommation annonce une d\u00e9cennie de prosp\u00e9rit\u00e9 qui va se terminer par les \u00e9v\u00e9nements de Mai soixante-huit et la prise de parole de la jeune g\u00e9n\u00e9ration. La mode prend le pouvoir dans la rue et de nouvelles boutiques ind\u00e9pendantes ouvrent dans les &hellip; UNE HISTOIRE DE FAMILLE &#8211; CHAPITRE 4 : LES ANNEES 60 Lire la suite\u00a0\u00bb","og_url":"https:\/\/www.christiancane.com\/blog\/chapitre-4\/","article_modified_time":"2021-09-20T14:53:21+00:00","og_image":[{"url":"https:\/\/www.christiancane.com\/blog\/wp-content\/uploads\/2021\/05\/une-histoire-de-famille_Image_279-1024x200.jpg"}],"twitter_card":"summary_large_image","twitter_misc":{"Dur\u00e9e de lecture estim\u00e9e":"4 minutes"},"schema":{"@context":"https:\/\/schema.org","@graph":[{"@type":"WebSite","@id":"https:\/\/www.christiancane.com\/blog\/#website","url":"https:\/\/www.christiancane.com\/blog\/","name":"","description":"","potentialAction":[{"@type":"SearchAction","target":{"@type":"EntryPoint","urlTemplate":"https:\/\/www.christiancane.com\/blog\/?s={search_term_string}"},"query-input":"required name=search_term_string"}],"inLanguage":"fr-FR"},{"@type":"ImageObject","@id":"https:\/\/www.christiancane.com\/blog\/chapitre-4\/#primaryimage","inLanguage":"fr-FR","url":"https:\/\/www.christiancane.com\/blog\/wp-content\/uploads\/2021\/05\/une-histoire-de-famille_Image_279.jpg","contentUrl":"https:\/\/www.christiancane.com\/blog\/wp-content\/uploads\/2021\/05\/une-histoire-de-famille_Image_279.jpg","width":1329,"height":260},{"@type":"WebPage","@id":"https:\/\/www.christiancane.com\/blog\/chapitre-4\/#webpage","url":"https:\/\/www.christiancane.com\/blog\/chapitre-4\/","name":"CHAPITRE 4 : LES ANNEES SOIXANTE | Christian Cane","isPartOf":{"@id":"https:\/\/www.christiancane.com\/blog\/#website"},"primaryImageOfPage":{"@id":"https:\/\/www.christiancane.com\/blog\/chapitre-4\/#primaryimage"},"datePublished":"2021-05-26T19:36:14+00:00","dateModified":"2021-09-20T14:53:21+00:00","breadcrumb":{"@id":"https:\/\/www.christiancane.com\/blog\/chapitre-4\/#breadcrumb"},"inLanguage":"fr-FR","potentialAction":[{"@type":"ReadAction","target":["https:\/\/www.christiancane.com\/blog\/chapitre-4\/"]}]},{"@type":"BreadcrumbList","@id":"https:\/\/www.christiancane.com\/blog\/chapitre-4\/#breadcrumb","itemListElement":[{"@type":"ListItem","position":1,"name":"Accueil","item":"https:\/\/www.christiancane.com\/blog\/"},{"@type":"ListItem","position":2,"name":"UNE HISTOIRE DE FAMILLE &#8211; CHAPITRE 4 : LES ANNEES 60"}]}]}},"_links":{"self":[{"href":"https:\/\/www.christiancane.com\/blog\/wp-json\/wp\/v2\/pages\/264"}],"collection":[{"href":"https:\/\/www.christiancane.com\/blog\/wp-json\/wp\/v2\/pages"}],"about":[{"href":"https:\/\/www.christiancane.com\/blog\/wp-json\/wp\/v2\/types\/page"}],"author":[{"embeddable":true,"href":"https:\/\/www.christiancane.com\/blog\/wp-json\/wp\/v2\/users\/2"}],"replies":[{"embeddable":true,"href":"https:\/\/www.christiancane.com\/blog\/wp-json\/wp\/v2\/comments?post=264"}],"version-history":[{"count":14,"href":"https:\/\/www.christiancane.com\/blog\/wp-json\/wp\/v2\/pages\/264\/revisions"}],"predecessor-version":[{"id":392,"href":"https:\/\/www.christiancane.com\/blog\/wp-json\/wp\/v2\/pages\/264\/revisions\/392"}],"wp:attachment":[{"href":"https:\/\/www.christiancane.com\/blog\/wp-json\/wp\/v2\/media?parent=264"}],"curies":[{"name":"wp","href":"https:\/\/api.w.org\/{rel}","templated":true}]}}