{"id":62,"date":"2020-04-27T17:41:10","date_gmt":"2020-04-27T15:41:10","guid":{"rendered":"https:\/\/www.christiancane.com\/blog\/?page_id=62"},"modified":"2020-04-30T08:28:58","modified_gmt":"2020-04-30T06:28:58","slug":"conseils-achats","status":"publish","type":"page","link":"https:\/\/www.christiancane.com\/blog\/conseils-achats\/","title":{"rendered":"Conseils d&rsquo;achat"},"content":{"rendered":"\t\t<div data-elementor-type=\"wp-page\" data-elementor-id=\"62\" class=\"elementor elementor-62\">\n\t\t\t\t\t\t\t\t\t<section class=\"elementor-section elementor-top-section elementor-element elementor-element-2d6361a elementor-section-stretched elementor-section-full_width elementor-section-height-default elementor-section-height-default\" data-id=\"2d6361a\" data-element_type=\"section\" data-settings=\"{&quot;stretch_section&quot;:&quot;section-stretched&quot;,&quot;background_background&quot;:&quot;classic&quot;}\">\n\t\t\t\t\t\t\t<div class=\"elementor-background-overlay\"><\/div>\n\t\t\t\t\t\t\t<div class=\"elementor-container elementor-column-gap-default\">\n\t\t\t\t\t<div class=\"elementor-column elementor-col-100 elementor-top-column elementor-element elementor-element-fc08b35\" data-id=\"fc08b35\" data-element_type=\"column\">\n\t\t\t<div class=\"elementor-widget-wrap elementor-element-populated\">\n\t\t\t\t\t\t\t\t<section class=\"elementor-section elementor-inner-section elementor-element elementor-element-c7f82ce elementor-section-boxed elementor-section-height-default elementor-section-height-default\" data-id=\"c7f82ce\" data-element_type=\"section\">\n\t\t\t\t\t\t<div class=\"elementor-container elementor-column-gap-default\">\n\t\t\t\t\t<div class=\"elementor-column elementor-col-100 elementor-inner-column elementor-element elementor-element-ba0a799\" data-id=\"ba0a799\" data-element_type=\"column\" data-settings=\"{&quot;background_background&quot;:&quot;classic&quot;}\">\n\t\t\t<div class=\"elementor-widget-wrap elementor-element-populated\">\n\t\t\t\t\t\t\t\t<div class=\"elementor-element elementor-element-2b631df elementor-widget elementor-widget-heading\" data-id=\"2b631df\" data-element_type=\"widget\" data-widget_type=\"heading.default\">\n\t\t\t\t<div class=\"elementor-widget-container\">\n\t\t\t<h1 class=\"elementor-heading-title elementor-size-default\">Conseils d'achat<\/h1>\t\t<\/div>\n\t\t\t\t<\/div>\n\t\t\t\t<div class=\"elementor-element elementor-element-9fdfa68 elementor-widget elementor-widget-heading\" data-id=\"9fdfa68\" data-element_type=\"widget\" data-widget_type=\"heading.default\">\n\t\t\t\t<div class=\"elementor-widget-container\">\n\t\t\t<h2 class=\"elementor-heading-title elementor-size-default\">Les conseils pour parfaire votre intimit\u00e9 \ud83d\ude42<\/h2>\t\t<\/div>\n\t\t\t\t<\/div>\n\t\t\t\t\t<\/div>\n\t\t<\/div>\n\t\t\t\t\t\t\t<\/div>\n\t\t<\/section>\n\t\t\t\t\t<\/div>\n\t\t<\/div>\n\t\t\t\t\t\t\t<\/div>\n\t\t<\/section>\n\t\t\t\t<section class=\"elementor-section elementor-top-section elementor-element elementor-element-b183646 elementor-section-boxed elementor-section-height-default elementor-section-height-default\" data-id=\"b183646\" data-element_type=\"section\">\n\t\t\t\t\t\t<div class=\"elementor-container elementor-column-gap-default\">\n\t\t\t\t\t<div class=\"elementor-column elementor-col-100 elementor-top-column elementor-element elementor-element-c8d8db6\" data-id=\"c8d8db6\" data-element_type=\"column\">\n\t\t\t<div class=\"elementor-widget-wrap elementor-element-populated\">\n\t\t\t\t\t\t\t\t<div class=\"elementor-element elementor-element-f4fcd08 elementor-widget elementor-widget-heading\" data-id=\"f4fcd08\" data-element_type=\"widget\" data-widget_type=\"heading.default\">\n\t\t\t\t<div class=\"elementor-widget-container\">\n\t\t\t<h2 class=\"elementor-heading-title elementor-size-default\">Nos derniers guides<\/h2>\t\t<\/div>\n\t\t\t\t<\/div>\n\t\t\t\t\t<\/div>\n\t\t<\/div>\n\t\t\t\t\t\t\t<\/div>\n\t\t<\/section>\n\t\t\t\t\t\t\t<\/div>\n\t\t","protected":false},"excerpt":{"rendered":"<p>Conseils d&rsquo;achat Les conseils pour parfaire votre intimit\u00e9 \ud83d\ude42 Nos derniers guides<\/p>\n","protected":false},"author":2,"featured_media":0,"parent":0,"menu_order":0,"comment_status":"closed","ping_status":"closed","template":"","meta":{"site-sidebar-layout":"no-sidebar","site-content-layout":"page-builder","ast-site-content-layout":"","site-content-style":"default","site-sidebar-style":"default","ast-global-header-display":"","ast-banner-title-visibility":"","ast-main-header-display":"","ast-hfb-above-header-display":"","ast-hfb-below-header-display":"","ast-hfb-mobile-header-display":"","site-post-title":"disabled","ast-breadcrumbs-content":"","ast-featured-img":"disabled","footer-sml-layout":"","theme-transparent-header-meta":"default","adv-header-id-meta":"","stick-header-meta":"","header-above-stick-meta":"","header-main-stick-meta":"","header-below-stick-meta":"","astra-migrate-meta-layouts":"","footnotes":""},"yoast_head":"<!-- This site is optimized with the Yoast SEO plugin v17.7 - https:\/\/yoast.com\/wordpress\/plugins\/seo\/ -->\n<title>Conseil d&#039;achat Doulito : conseils pour choisir vos produits<\/title>\n<meta name=\"description\" content=\"Doulito vous propose ses conseils d&#039;achat d\u00e9co et am\u00e9nagement de votre int\u00e9rieur et de votre ext\u00e9rieur. Tout pour vous aider \u00e0 faire vos choix \u00e0 prix doux !\" \/>\n<meta name=\"robots\" content=\"index, follow, max-snippet:-1, max-image-preview:large, max-video-preview:-1\" \/>\n<link rel=\"canonical\" href=\"https:\/\/www.christiancane.com\/blog\/conseils-achats\/\" \/>\n<meta property=\"og:locale\" content=\"fr_FR\" \/>\n<meta property=\"og:type\" content=\"article\" \/>\n<meta property=\"og:title\" content=\"Conseil d&#039;achat Doulito : conseils pour choisir vos produits\" \/>\n<meta property=\"og:description\" content=\"Doulito vous propose ses conseils d&#039;achat d\u00e9co et am\u00e9nagement de votre int\u00e9rieur et de votre ext\u00e9rieur. Tout pour vous aider \u00e0 faire vos choix \u00e0 prix doux !\" \/>\n<meta property=\"og:url\" content=\"https:\/\/www.christiancane.com\/blog\/conseils-achats\/\" \/>\n<meta property=\"article:modified_time\" content=\"2020-04-30T06:28:58+00:00\" \/>\n<meta name=\"twitter:card\" content=\"summary_large_image\" \/>\n<script type=\"application\/ld+json\" class=\"yoast-schema-graph\">{\"@context\":\"https:\/\/schema.org\",\"@graph\":[{\"@type\":\"WebSite\",\"@id\":\"https:\/\/www.christiancane.com\/blog\/#website\",\"url\":\"https:\/\/www.christiancane.com\/blog\/\",\"name\":\"\",\"description\":\"\",\"potentialAction\":[{\"@type\":\"SearchAction\",\"target\":{\"@type\":\"EntryPoint\",\"urlTemplate\":\"https:\/\/www.christiancane.com\/blog\/?s={search_term_string}\"},\"query-input\":\"required name=search_term_string\"}],\"inLanguage\":\"fr-FR\"},{\"@type\":\"WebPage\",\"@id\":\"https:\/\/www.christiancane.com\/blog\/conseils-achats\/#webpage\",\"url\":\"https:\/\/www.christiancane.com\/blog\/conseils-achats\/\",\"name\":\"Conseil d'achat Doulito : conseils pour choisir vos produits\",\"isPartOf\":{\"@id\":\"https:\/\/www.christiancane.com\/blog\/#website\"},\"datePublished\":\"2020-04-27T15:41:10+00:00\",\"dateModified\":\"2020-04-30T06:28:58+00:00\",\"description\":\"Doulito vous propose ses conseils d'achat d\\u00e9co et am\\u00e9nagement de votre int\\u00e9rieur et de votre ext\\u00e9rieur. Tout pour vous aider \\u00e0 faire vos choix \\u00e0 prix doux !\",\"breadcrumb\":{\"@id\":\"https:\/\/www.christiancane.com\/blog\/conseils-achats\/#breadcrumb\"},\"inLanguage\":\"fr-FR\",\"potentialAction\":[{\"@type\":\"ReadAction\",\"target\":[\"https:\/\/www.christiancane.com\/blog\/conseils-achats\/\"]}]},{\"@type\":\"BreadcrumbList\",\"@id\":\"https:\/\/www.christiancane.com\/blog\/conseils-achats\/#breadcrumb\",\"itemListElement\":[{\"@type\":\"ListItem\",\"position\":1,\"name\":\"Accueil\",\"item\":\"https:\/\/www.christiancane.com\/blog\/\"},{\"@type\":\"ListItem\",\"position\":2,\"name\":\"Conseils d&rsquo;achat\"}]}]}<\/script>\n<!-- \/ Yoast SEO plugin. -->","yoast_head_json":{"title":"Conseil d'achat Doulito : conseils pour choisir vos produits","description":"Doulito vous propose ses conseils d'achat d\u00e9co et am\u00e9nagement de votre int\u00e9rieur et de votre ext\u00e9rieur. Tout pour vous aider \u00e0 faire vos choix \u00e0 prix doux !","robots":{"index":"index","follow":"follow","max-snippet":"max-snippet:-1","max-image-preview":"max-image-preview:large","max-video-preview":"max-video-preview:-1"},"canonical":"https:\/\/www.christiancane.com\/blog\/conseils-achats\/","og_locale":"fr_FR","og_type":"article","og_title":"Conseil d'achat Doulito : conseils pour choisir vos produits","og_description":"Doulito vous propose ses conseils d'achat d\u00e9co et am\u00e9nagement de votre int\u00e9rieur et de votre ext\u00e9rieur. Tout pour vous aider \u00e0 faire vos choix \u00e0 prix doux !","og_url":"https:\/\/www.christiancane.com\/blog\/conseils-achats\/","article_modified_time":"2020-04-30T06:28:58+00:00","twitter_card":"summary_large_image","schema":{"@context":"https:\/\/schema.org","@graph":[{"@type":"WebSite","@id":"https:\/\/www.christiancane.com\/blog\/#website","url":"https:\/\/www.christiancane.com\/blog\/","name":"","description":"","potentialAction":[{"@type":"SearchAction","target":{"@type":"EntryPoint","urlTemplate":"https:\/\/www.christiancane.com\/blog\/?s={search_term_string}"},"query-input":"required name=search_term_string"}],"inLanguage":"fr-FR"},{"@type":"WebPage","@id":"https:\/\/www.christiancane.com\/blog\/conseils-achats\/#webpage","url":"https:\/\/www.christiancane.com\/blog\/conseils-achats\/","name":"Conseil d'achat Doulito : conseils pour choisir vos produits","isPartOf":{"@id":"https:\/\/www.christiancane.com\/blog\/#website"},"datePublished":"2020-04-27T15:41:10+00:00","dateModified":"2020-04-30T06:28:58+00:00","description":"Doulito vous propose ses conseils d'achat d\u00e9co et am\u00e9nagement de votre int\u00e9rieur et de votre ext\u00e9rieur. Tout pour vous aider \u00e0 faire vos choix \u00e0 prix doux !","breadcrumb":{"@id":"https:\/\/www.christiancane.com\/blog\/conseils-achats\/#breadcrumb"},"inLanguage":"fr-FR","potentialAction":[{"@type":"ReadAction","target":["https:\/\/www.christiancane.com\/blog\/conseils-achats\/"]}]},{"@type":"BreadcrumbList","@id":"https:\/\/www.christiancane.com\/blog\/conseils-achats\/#breadcrumb","itemListElement":[{"@type":"ListItem","position":1,"name":"Accueil","item":"https:\/\/www.christiancane.com\/blog\/"},{"@type":"ListItem","position":2,"name":"Conseils d&rsquo;achat"}]}]}},"_links":{"self":[{"href":"https:\/\/www.christiancane.com\/blog\/wp-json\/wp\/v2\/pages\/62"}],"collection":[{"href":"https:\/\/www.christiancane.com\/blog\/wp-json\/wp\/v2\/pages"}],"about":[{"href":"https:\/\/www.christiancane.com\/blog\/wp-json\/wp\/v2\/types\/page"}],"author":[{"embeddable":true,"href":"https:\/\/www.christiancane.com\/blog\/wp-json\/wp\/v2\/users\/2"}],"replies":[{"embeddable":true,"href":"https:\/\/www.christiancane.com\/blog\/wp-json\/wp\/v2\/comments?post=62"}],"version-history":[{"count":5,"href":"https:\/\/www.christiancane.com\/blog\/wp-json\/wp\/v2\/pages\/62\/revisions"}],"predecessor-version":[{"id":108,"href":"https:\/\/www.christiancane.com\/blog\/wp-json\/wp\/v2\/pages\/62\/revisions\/108"}],"wp:attachment":[{"href":"https:\/\/www.christiancane.com\/blog\/wp-json\/wp\/v2\/media?parent=62"}],"curies":[{"name":"wp","href":"https:\/\/api.w.org\/{rel}","templated":true}]}}